{"id":23,"date":"2022-09-07T08:41:07","date_gmt":"2022-09-07T08:41:07","guid":{"rendered":"https:\/\/latterevent.dk\/?page_id=23"},"modified":"2022-10-30T14:34:50","modified_gmt":"2022-10-30T14:34:50","slug":"hjem","status":"publish","type":"page","link":"https:\/\/latterevent.dk\/","title":{"rendered":"Latterevent"},"content":{"rendered":"\n<p><strong>Latterevent<\/strong><\/p>\n\n\n\n<p>Frank Frank tager udgangspunkt i Dr. Madan Katari, som er grundl\u00e6ggeren af latteryogaklubbev\u00e6gelsen, der startede i 1995 i Mumbai. Dr. Katari\u2019s tankegang er \u201dder er medicin i latter\u201d og \u201darbejd smart, ikke h\u00e5rd, via spiritualitet\u201d, hvor han ud\u00f8ver latter yoga og latterdans. Frank Frank har mange \u00e5rs erfaring med latterevents og er uddannet latterinstrukt\u00f8r. <\/p>\n\n\n\n<p>Latter er det nemmeste og st\u00e6rkeste virkemiddel for at styrke dit hjerte, lunger, immunforsvar og sind. Hormonerne dopamin og serotonin bliver udl\u00f8st, som er kroppens naturlige lykkehormon. <br>Latterevents er derfor det oplagte valg, n\u00e5r der skal grines til en fest, men ogs\u00e5 for din egen personlige udvikling, til at d\u00e6mpe angst og nerv\u00f8sitet. <br>S\u00f8ger du en n\u00e6rv\u00e6rende instrukt\u00f8r hvor du og din familie kan have en oplevelse udover det s\u00e6dvanlige, s\u00e5 er Frank Frank netop manden til arbejdet.<\/p>\n\n\n<div class=\"wp-block-image\">\n<figure class=\"aligncenter size-large is-resized\"><img decoding=\"async\" src=\"https:\/\/latterevent.dk\/wp-content\/uploads\/2022\/09\/IMG_0771-kopi-576x1024.jpeg\" alt=\"\" class=\"wp-image-46\" width=\"350\" srcset=\"https:\/\/latterevent.dk\/wp-content\/uploads\/2022\/09\/IMG_0771-kopi-576x1024.jpeg 576w, https:\/\/latterevent.dk\/wp-content\/uploads\/2022\/09\/IMG_0771-kopi-169x300.jpeg 169w, https:\/\/latterevent.dk\/wp-content\/uploads\/2022\/09\/IMG_0771-kopi-768x1365.jpeg 768w, https:\/\/latterevent.dk\/wp-content\/uploads\/2022\/09\/IMG_0771-kopi-864x1536.jpeg 864w, https:\/\/latterevent.dk\/wp-content\/uploads\/2022\/09\/IMG_0771-kopi-1152x2048.jpeg 1152w, https:\/\/latterevent.dk\/wp-content\/uploads\/2022\/09\/IMG_0771-kopi-scaled.jpeg 1440w\" sizes=\"(max-width: 576px) 100vw, 576px\" \/><\/figure>\n<\/div>","protected":false},"excerpt":{"rendered":"<p>Latterevent Frank Frank tager udgangspunkt i Dr. Madan Katari, som er grundl\u00e6ggeren af latteryogaklubbev\u00e6gelsen, der startede i 1995 i Mumbai. Dr. Katari\u2019s tankegang er \u201dder er medicin i latter\u201d og \u201darbejd smart, ikke h\u00e5rd, via spiritualitet\u201d, hvor han ud\u00f8ver latter yoga og latterdans. Frank Frank har mange \u00e5rs erfaring med latterevents og er uddannet latterinstrukt\u00f8r. &hellip; <\/p>\n<p class=\"link-more\"><a href=\"https:\/\/latterevent.dk\/\" class=\"more-link\">L\u00e6s videre<span class=\"screen-reader-text\"> &#8220;Latterevent&#8221;<\/span><\/a><\/p>\n","protected":false},"author":1,"featured_media":0,"parent":0,"menu_order":0,"comment_status":"closed","ping_status":"closed","template":"","meta":{"footnotes":""},"class_list":["post-23","page","type-page","status-publish","hentry"],"yoast_head":"<!-- This site is optimized with the Yoast SEO plugin v27.6 - https:\/\/yoast.com\/product\/yoast-seo-wordpress\/ -->\n<title>Latterevent - Latterevent<\/title>\n<meta name=\"robots\" content=\"index, follow, max-snippet:-1, max-image-preview:large, max-video-preview:-1\" \/>\n<link rel=\"canonical\" href=\"https:\/\/latterevent.dk\/\" \/>\n<meta property=\"og:locale\" content=\"da_DK\" \/>\n<meta property=\"og:type\" content=\"article\" \/>\n<meta property=\"og:title\" content=\"Latterevent - Latterevent\" \/>\n<meta property=\"og:description\" content=\"Latterevent Frank Frank tager udgangspunkt i Dr. Madan Katari, som er grundl\u00e6ggeren af latteryogaklubbev\u00e6gelsen, der startede i 1995 i Mumbai. Dr. Katari\u2019s tankegang er \u201dder er medicin i latter\u201d og \u201darbejd smart, ikke h\u00e5rd, via spiritualitet\u201d, hvor han ud\u00f8ver latter yoga og latterdans. Frank Frank har mange \u00e5rs erfaring med latterevents og er uddannet latterinstrukt\u00f8r. &hellip; L\u00e6s videre &quot;Latterevent&quot;\" \/>\n<meta property=\"og:url\" content=\"https:\/\/latterevent.dk\/\" \/>\n<meta property=\"og:site_name\" content=\"Latterevent\" \/>\n<meta property=\"article:modified_time\" content=\"2022-10-30T14:34:50+00:00\" \/>\n<meta property=\"og:image\" content=\"https:\/\/latterevent.dk\/wp-content\/uploads\/2022\/09\/IMG_0771-kopi-576x1024.jpeg\" \/>\n<meta name=\"twitter:card\" content=\"summary_large_image\" \/>\n<meta name=\"twitter:label1\" content=\"Estimeret l\u00e6setid\" \/>\n\t<meta name=\"twitter:data1\" content=\"1 minut\" \/>\n<script type=\"application\/ld+json\" class=\"yoast-schema-graph\">{\"@context\":\"https:\\\/\\\/schema.org\",\"@graph\":[{\"@type\":\"WebPage\",\"@id\":\"https:\\\/\\\/latterevent.dk\\\/\",\"url\":\"https:\\\/\\\/latterevent.dk\\\/\",\"name\":\"Latterevent - Latterevent\",\"isPartOf\":{\"@id\":\"https:\\\/\\\/latterevent.dk\\\/#website\"},\"primaryImageOfPage\":{\"@id\":\"https:\\\/\\\/latterevent.dk\\\/#primaryimage\"},\"image\":{\"@id\":\"https:\\\/\\\/latterevent.dk\\\/#primaryimage\"},\"thumbnailUrl\":\"https:\\\/\\\/latterevent.dk\\\/wp-content\\\/uploads\\\/2022\\\/09\\\/IMG_0771-kopi-576x1024.jpeg\",\"datePublished\":\"2022-09-07T08:41:07+00:00\",\"dateModified\":\"2022-10-30T14:34:50+00:00\",\"breadcrumb\":{\"@id\":\"https:\\\/\\\/latterevent.dk\\\/#breadcrumb\"},\"inLanguage\":\"da-DK\",\"potentialAction\":[{\"@type\":\"ReadAction\",\"target\":[\"https:\\\/\\\/latterevent.dk\\\/\"]}]},{\"@type\":\"ImageObject\",\"inLanguage\":\"da-DK\",\"@id\":\"https:\\\/\\\/latterevent.dk\\\/#primaryimage\",\"url\":\"https:\\\/\\\/latterevent.dk\\\/wp-content\\\/uploads\\\/2022\\\/09\\\/IMG_0771-kopi-576x1024.jpeg\",\"contentUrl\":\"https:\\\/\\\/latterevent.dk\\\/wp-content\\\/uploads\\\/2022\\\/09\\\/IMG_0771-kopi-576x1024.jpeg\"},{\"@type\":\"BreadcrumbList\",\"@id\":\"https:\\\/\\\/latterevent.dk\\\/#breadcrumb\",\"itemListElement\":[{\"@type\":\"ListItem\",\"position\":1,\"name\":\"Hjem\",\"item\":\"https:\\\/\\\/latterevent.dk\\\/\"},{\"@type\":\"ListItem\",\"position\":2,\"name\":\"Latterevent\"}]},{\"@type\":\"WebSite\",\"@id\":\"https:\\\/\\\/latterevent.dk\\\/#website\",\"url\":\"https:\\\/\\\/latterevent.dk\\\/\",\"name\":\"Latterevent\",\"description\":\"- Laughter event\",\"potentialAction\":[{\"@type\":\"SearchAction\",\"target\":{\"@type\":\"EntryPoint\",\"urlTemplate\":\"https:\\\/\\\/latterevent.dk\\\/?s={search_term_string}\"},\"query-input\":{\"@type\":\"PropertyValueSpecification\",\"valueRequired\":true,\"valueName\":\"search_term_string\"}}],\"inLanguage\":\"da-DK\"}]}<\/script>\n<!-- \/ Yoast SEO plugin. -->","yoast_head_json":{"title":"Latterevent - Latterevent","robots":{"index":"index","follow":"follow","max-snippet":"max-snippet:-1","max-image-preview":"max-image-preview:large","max-video-preview":"max-video-preview:-1"},"canonical":"https:\/\/latterevent.dk\/","og_locale":"da_DK","og_type":"article","og_title":"Latterevent - Latterevent","og_description":"Latterevent Frank Frank tager udgangspunkt i Dr. Madan Katari, som er grundl\u00e6ggeren af latteryogaklubbev\u00e6gelsen, der startede i 1995 i Mumbai. Dr. Katari\u2019s tankegang er \u201dder er medicin i latter\u201d og \u201darbejd smart, ikke h\u00e5rd, via spiritualitet\u201d, hvor han ud\u00f8ver latter yoga og latterdans. Frank Frank har mange \u00e5rs erfaring med latterevents og er uddannet latterinstrukt\u00f8r. &hellip; L\u00e6s videre \"Latterevent\"","og_url":"https:\/\/latterevent.dk\/","og_site_name":"Latterevent","article_modified_time":"2022-10-30T14:34:50+00:00","og_image":[{"url":"https:\/\/latterevent.dk\/wp-content\/uploads\/2022\/09\/IMG_0771-kopi-576x1024.jpeg","type":"","width":"","height":""}],"twitter_card":"summary_large_image","twitter_misc":{"Estimeret l\u00e6setid":"1 minut"},"schema":{"@context":"https:\/\/schema.org","@graph":[{"@type":"WebPage","@id":"https:\/\/latterevent.dk\/","url":"https:\/\/latterevent.dk\/","name":"Latterevent - Latterevent","isPartOf":{"@id":"https:\/\/latterevent.dk\/#website"},"primaryImageOfPage":{"@id":"https:\/\/latterevent.dk\/#primaryimage"},"image":{"@id":"https:\/\/latterevent.dk\/#primaryimage"},"thumbnailUrl":"https:\/\/latterevent.dk\/wp-content\/uploads\/2022\/09\/IMG_0771-kopi-576x1024.jpeg","datePublished":"2022-09-07T08:41:07+00:00","dateModified":"2022-10-30T14:34:50+00:00","breadcrumb":{"@id":"https:\/\/latterevent.dk\/#breadcrumb"},"inLanguage":"da-DK","potentialAction":[{"@type":"ReadAction","target":["https:\/\/latterevent.dk\/"]}]},{"@type":"ImageObject","inLanguage":"da-DK","@id":"https:\/\/latterevent.dk\/#primaryimage","url":"https:\/\/latterevent.dk\/wp-content\/uploads\/2022\/09\/IMG_0771-kopi-576x1024.jpeg","contentUrl":"https:\/\/latterevent.dk\/wp-content\/uploads\/2022\/09\/IMG_0771-kopi-576x1024.jpeg"},{"@type":"BreadcrumbList","@id":"https:\/\/latterevent.dk\/#breadcrumb","itemListElement":[{"@type":"ListItem","position":1,"name":"Hjem","item":"https:\/\/latterevent.dk\/"},{"@type":"ListItem","position":2,"name":"Latterevent"}]},{"@type":"WebSite","@id":"https:\/\/latterevent.dk\/#website","url":"https:\/\/latterevent.dk\/","name":"Latterevent","description":"- Laughter event","potentialAction":[{"@type":"SearchAction","target":{"@type":"EntryPoint","urlTemplate":"https:\/\/latterevent.dk\/?s={search_term_string}"},"query-input":{"@type":"PropertyValueSpecification","valueRequired":true,"valueName":"search_term_string"}}],"inLanguage":"da-DK"}]}},"_links":{"self":[{"href":"https:\/\/latterevent.dk\/index.php\/wp-json\/wp\/v2\/pages\/23","targetHints":{"allow":["GET"]}}],"collection":[{"href":"https:\/\/latterevent.dk\/index.php\/wp-json\/wp\/v2\/pages"}],"about":[{"href":"https:\/\/latterevent.dk\/index.php\/wp-json\/wp\/v2\/types\/page"}],"author":[{"embeddable":true,"href":"https:\/\/latterevent.dk\/index.php\/wp-json\/wp\/v2\/users\/1"}],"replies":[{"embeddable":true,"href":"https:\/\/latterevent.dk\/index.php\/wp-json\/wp\/v2\/comments?post=23"}],"version-history":[{"count":3,"href":"https:\/\/latterevent.dk\/index.php\/wp-json\/wp\/v2\/pages\/23\/revisions"}],"predecessor-version":[{"id":83,"href":"https:\/\/latterevent.dk\/index.php\/wp-json\/wp\/v2\/pages\/23\/revisions\/83"}],"wp:attachment":[{"href":"https:\/\/latterevent.dk\/index.php\/wp-json\/wp\/v2\/media?parent=23"}],"curies":[{"name":"wp","href":"https:\/\/api.w.org\/{rel}","templated":true}]}}